{"id":22,"date":"2020-04-29T13:50:35","date_gmt":"2020-04-29T13:50:35","guid":{"rendered":"https:\/\/dems.hr\/?page_id=22"},"modified":"2022-03-22T08:02:06","modified_gmt":"2022-03-22T08:02:06","slug":"o-nama","status":"publish","type":"page","link":"https:\/\/dems.hr\/index.php\/hr\/o-nama\/","title":{"rendered":"O nama"},"content":{"rendered":"\t\t<div data-elementor-type=\"wp-page\" data-elementor-id=\"22\" class=\"elementor elementor-22\">\n\t\t\t\t\t\t<div class=\"elementor-inner\">\n\t\t\t\t<div class=\"elementor-section-wrap\">\n\t\t\t\t\t\t\t\t\t<section class=\"elementor-section elementor-top-section elementor-element elementor-element-c30d65b elementor-section-boxed elementor-section-height-default elementor-section-height-default\" data-id=\"c30d65b\" data-element_type=\"section\" data-settings=\"{&quot;background_background&quot;:&quot;slideshow&quot;,&quot;background_slideshow_gallery&quot;:[{&quot;id&quot;:396,&quot;url&quot;:&quot;https:\\\/\\\/dems.hr\\\/wp-content\\\/uploads\\\/2020\\\/05\\\/server_1235959_1920.jpg&quot;},{&quot;id&quot;:395,&quot;url&quot;:&quot;https:\\\/\\\/dems.hr\\\/wp-content\\\/uploads\\\/2020\\\/05\\\/laptop_820274_1920.jpg&quot;},{&quot;id&quot;:394,&quot;url&quot;:&quot;https:\\\/\\\/dems.hr\\\/wp-content\\\/uploads\\\/2020\\\/05\\\/architecture_22039_1_hcX2V.jpg&quot;}],&quot;background_slideshow_slide_duration&quot;:3000,&quot;shape_divider_bottom&quot;:&quot;opacity-fan&quot;,&quot;background_slideshow_loop&quot;:&quot;yes&quot;,&quot;background_slideshow_slide_transition&quot;:&quot;fade&quot;,&quot;background_slideshow_transition_duration&quot;:500}\">\n\t\t\t\t\t\t\t<div class=\"elementor-background-overlay\"><\/div>\n\t\t\t\t\t\t<div class=\"elementor-shape elementor-shape-bottom\" data-negative=\"false\">\n\t\t\t<svg xmlns=\"http:\/\/www.w3.org\/2000\/svg\" viewBox=\"0 0 283.5 19.6\" preserveAspectRatio=\"none\">\n\t<path class=\"elementor-shape-fill\" style=\"opacity:0.33\" d=\"M0 0L0 18.8 141.8 4.1 283.5 18.8 283.5 0z\"\/>\n\t<path class=\"elementor-shape-fill\" style=\"opacity:0.33\" d=\"M0 0L0 12.6 141.8 4 283.5 12.6 283.5 0z\"\/>\n\t<path class=\"elementor-shape-fill\" style=\"opacity:0.33\" d=\"M0 0L0 6.4 141.8 4 283.5 6.4 283.5 0z\"\/>\n\t<path class=\"elementor-shape-fill\" d=\"M0 0L0 1.2 141.8 4 283.5 1.2 283.5 0z\"\/>\n<\/svg>\t\t<\/div>\n\t\t\t\t\t<div class=\"elementor-container elementor-column-gap-default\">\n\t\t\t\t\t\t\t<div class=\"elementor-row\">\n\t\t\t\t\t<div class=\"elementor-column elementor-col-100 elementor-top-column elementor-element elementor-element-63a9868\" data-id=\"63a9868\" data-element_type=\"column\">\n\t\t\t<div class=\"elementor-column-wrap elementor-element-populated\">\n\t\t\t\t\t\t\t<div class=\"elementor-widget-wrap\">\n\t\t\t\t\t\t<div class=\"elementor-element elementor-element-267ca0a elementor-widget elementor-widget-heading\" data-id=\"267ca0a\" data-element_type=\"widget\" data-widget_type=\"heading.default\">\n\t\t\t\t<div class=\"elementor-widget-container\">\n\t\t\t<h4 class=\"elementor-heading-title elementor-size-default\">O NAMA<\/h4>\t\t<\/div>\n\t\t\t\t<\/div>\n\t\t\t\t\t\t<\/div>\n\t\t\t\t\t<\/div>\n\t\t<\/div>\n\t\t\t\t\t\t\t\t<\/div>\n\t\t\t\t\t<\/div>\n\t\t<\/section>\n\t\t\t\t<section class=\"elementor-section elementor-top-section elementor-element elementor-element-42c31711 elementor-section-boxed elementor-section-height-default elementor-section-height-default\" data-id=\"42c31711\" data-element_type=\"section\">\n\t\t\t\t\t\t<div class=\"elementor-container elementor-column-gap-wide\">\n\t\t\t\t\t\t\t<div class=\"elementor-row\">\n\t\t\t\t\t<div class=\"elementor-column elementor-col-100 elementor-top-column elementor-element elementor-element-4654239c\" data-id=\"4654239c\" data-element_type=\"column\">\n\t\t\t<div class=\"elementor-column-wrap elementor-element-populated\">\n\t\t\t\t\t\t\t<div class=\"elementor-widget-wrap\">\n\t\t\t\t\t\t<div class=\"elementor-element elementor-element-961a14d elementor-widget elementor-widget-heading\" data-id=\"961a14d\" data-element_type=\"widget\" data-widget_type=\"heading.default\">\n\t\t\t\t<div class=\"elementor-widget-container\">\n\t\t\t<h3 class=\"elementor-heading-title elementor-size-large\">Informacije o poduze\u0107u<\/h3>\t\t<\/div>\n\t\t\t\t<\/div>\n\t\t\t\t<div class=\"elementor-element elementor-element-7b754a4b elementor-widget elementor-widget-spacer\" data-id=\"7b754a4b\" data-element_type=\"widget\" data-widget_type=\"spacer.default\">\n\t\t\t\t<div class=\"elementor-widget-container\">\n\t\t\t\t\t<div class=\"elementor-spacer\">\n\t\t\t<div class=\"elementor-spacer-inner\"><\/div>\n\t\t<\/div>\n\t\t\t\t<\/div>\n\t\t\t\t<\/div>\n\t\t\t\t<div class=\"elementor-element elementor-element-0151bad elementor-widget elementor-widget-toggle\" data-id=\"0151bad\" data-element_type=\"widget\" data-widget_type=\"toggle.default\">\n\t\t\t\t<div class=\"elementor-widget-container\">\n\t\t\t\t\t<div class=\"elementor-toggle\" role=\"tablist\">\n\t\t\t\t\t\t\t<div class=\"elementor-toggle-item\">\n\t\t\t\t\t<div id=\"elementor-tab-title-1381\" class=\"elementor-tab-title\" data-tab=\"1\" role=\"tab\" aria-controls=\"elementor-tab-content-1381\" aria-expanded=\"false\">\n\t\t\t\t\t\t\t\t\t\t\t\t<span class=\"elementor-toggle-icon elementor-toggle-icon-left\" aria-hidden=\"true\">\n\t\t\t\t\t\t\t\t\t\t\t\t\t\t\t<span class=\"elementor-toggle-icon-closed\"><i class=\"fas fa-caret-right\"><\/i><\/span>\n\t\t\t\t\t\t\t\t<span class=\"elementor-toggle-icon-opened\"><i class=\"elementor-toggle-icon-opened fas fa-caret-up\"><\/i><\/span>\n\t\t\t\t\t\t\t\t\t\t\t\t\t<\/span>\n\t\t\t\t\t\t\t\t\t\t\t\t<a href=\"\" class=\"elementor-toggle-title\">Povijest poduze\u0107a<\/a>\n\t\t\t\t\t<\/div>\n\n\t\t\t\t\t<div id=\"elementor-tab-content-1381\" class=\"elementor-tab-content elementor-clearfix\" data-tab=\"1\" role=\"tabpanel\" aria-labelledby=\"elementor-tab-title-1381\"><p>Firma <strong>DEMS<\/strong> d.o.o. osnovana je 1989. godine u Splitu.\u00a0<\/p><\/div>\n\t\t\t\t<\/div>\n\t\t\t\t\t\t\t<div class=\"elementor-toggle-item\">\n\t\t\t\t\t<div id=\"elementor-tab-title-1382\" class=\"elementor-tab-title\" data-tab=\"2\" role=\"tab\" aria-controls=\"elementor-tab-content-1382\" aria-expanded=\"false\">\n\t\t\t\t\t\t\t\t\t\t\t\t<span class=\"elementor-toggle-icon elementor-toggle-icon-left\" aria-hidden=\"true\">\n\t\t\t\t\t\t\t\t\t\t\t\t\t\t\t<span class=\"elementor-toggle-icon-closed\"><i class=\"fas fa-caret-right\"><\/i><\/span>\n\t\t\t\t\t\t\t\t<span class=\"elementor-toggle-icon-opened\"><i class=\"elementor-toggle-icon-opened fas fa-caret-up\"><\/i><\/span>\n\t\t\t\t\t\t\t\t\t\t\t\t\t<\/span>\n\t\t\t\t\t\t\t\t\t\t\t\t<a href=\"\" class=\"elementor-toggle-title\">Osnovne djelatnosti<\/a>\n\t\t\t\t\t<\/div>\n\n\t\t\t\t\t<div id=\"elementor-tab-content-1382\" class=\"elementor-tab-content elementor-clearfix\" data-tab=\"2\" role=\"tabpanel\" aria-labelledby=\"elementor-tab-title-1382\"><p>Osnovna djelatnost firme se dijeli na dva dijela: gra\u0111evinski i instalaterski.<\/p><p>&#8211; Od gra\u0111evinskog dijela nudimo in\u017eenjering i konzalting, te samostalno i dijelom s partnerima izvo\u0111enje gra\u0111evinskih radova.<\/p><p>Od instalaterskih radova i usluga mo\u017eemo ponuditi: izvo\u0111enje kompletne IT instalacije, od rezervnog napajanja (<strong>UPS<\/strong>), telefonskih centrala (<strong>PBX<\/strong>), <strong>VoIP<\/strong>, <strong>WVoIP<\/strong>, <strong>LAN<\/strong> mre\u017ea, opti\u010dkih vodova, pasivne i aktivne mre\u017ene opreme i ra\u010dunala brand-name (<strong>Fujitsu-Siemens, IBM, HP-Compaq<\/strong>). Tako\u0111er po potrebi nudimo profesionalna i industrijska rje\u0161enja u elektronici, te no-name ra\u010dunalne konfiguracije prema va\u0161im zahtjevima. Na\u0161u opremu odr\u017eavamo i servisiramo unutar i van jamstvenog roka, te smo u stanju rje\u0161iti va\u0161e probleme i nedoumice u svezi ra\u010dunalne i telekomunikacijske opreme. Mo\u017eemo Vam sugerirati tehni\u010dka rje\u0161enja Va\u0161ih problema ili dokumentirati i certificirati postoje\u0107a stanja va\u0161ih sustava. Na\u0161i ljudi uklju\u010deni u tim projektima su osposobljeni za izvo\u0111enje, monta\u017eu i instalaciju nu\u0111ene opreme \u0161to mogu potvrditi i na\u0161i brojni zadovoljni klijenti.<\/p><\/div>\n\t\t\t\t<\/div>\n\t\t\t\t\t\t\t<div class=\"elementor-toggle-item\">\n\t\t\t\t\t<div id=\"elementor-tab-title-1383\" class=\"elementor-tab-title\" data-tab=\"3\" role=\"tab\" aria-controls=\"elementor-tab-content-1383\" aria-expanded=\"false\">\n\t\t\t\t\t\t\t\t\t\t\t\t<span class=\"elementor-toggle-icon elementor-toggle-icon-left\" aria-hidden=\"true\">\n\t\t\t\t\t\t\t\t\t\t\t\t\t\t\t<span class=\"elementor-toggle-icon-closed\"><i class=\"fas fa-caret-right\"><\/i><\/span>\n\t\t\t\t\t\t\t\t<span class=\"elementor-toggle-icon-opened\"><i class=\"elementor-toggle-icon-opened fas fa-caret-up\"><\/i><\/span>\n\t\t\t\t\t\t\t\t\t\t\t\t\t<\/span>\n\t\t\t\t\t\t\t\t\t\t\t\t<a href=\"\" class=\"elementor-toggle-title\">Osnovni podaci<\/a>\n\t\t\t\t\t<\/div>\n\n\t\t\t\t\t<div id=\"elementor-tab-content-1383\" class=\"elementor-tab-content elementor-clearfix\" data-tab=\"3\" role=\"tabpanel\" aria-labelledby=\"elementor-tab-title-1383\"><p>Sjedi\u0161te: Matice hrvatske 27, Split<br \/>Ovla\u0161tena osoba: Danilo La\u0161i\u0107<br \/>Ured: Matice hrvatske 15, Split<br \/>\u017diro ra\u010dun: Croatia banka<br \/>IBAN HR9824850031100225680<br \/>Devizni HR9824850037100013803<br \/>SWIFT CROAHR2X<br \/>MB: 3465152 OIB: 14176812334<\/p><\/div>\n\t\t\t\t<\/div>\n\t\t\t\t\t\t\t<div class=\"elementor-toggle-item\">\n\t\t\t\t\t<div id=\"elementor-tab-title-1384\" class=\"elementor-tab-title\" data-tab=\"4\" role=\"tab\" aria-controls=\"elementor-tab-content-1384\" aria-expanded=\"false\">\n\t\t\t\t\t\t\t\t\t\t\t\t<span class=\"elementor-toggle-icon elementor-toggle-icon-left\" aria-hidden=\"true\">\n\t\t\t\t\t\t\t\t\t\t\t\t\t\t\t<span class=\"elementor-toggle-icon-closed\"><i class=\"fas fa-caret-right\"><\/i><\/span>\n\t\t\t\t\t\t\t\t<span class=\"elementor-toggle-icon-opened\"><i class=\"elementor-toggle-icon-opened fas fa-caret-up\"><\/i><\/span>\n\t\t\t\t\t\t\t\t\t\t\t\t\t<\/span>\n\t\t\t\t\t\t\t\t\t\t\t\t<a href=\"\" class=\"elementor-toggle-title\">Kontakt<\/a>\n\t\t\t\t\t<\/div>\n\n\t\t\t\t\t<div id=\"elementor-tab-content-1384\" class=\"elementor-tab-content elementor-clearfix\" data-tab=\"4\" role=\"tabpanel\" aria-labelledby=\"elementor-tab-title-1384\"><p>E-mail: <a href=\"mailto:dems@dems.hr\">dems@dems.hr<\/a><\/p><p>Telefon: +385 91 250 9083<br \/>08:00 \u2013 18:00<\/p><p>\u00a0<\/p><\/div>\n\t\t\t\t<\/div>\n\t\t\t\t\t\t\t<div class=\"elementor-toggle-item\">\n\t\t\t\t\t<div id=\"elementor-tab-title-1385\" class=\"elementor-tab-title\" data-tab=\"5\" role=\"tab\" aria-controls=\"elementor-tab-content-1385\" aria-expanded=\"false\">\n\t\t\t\t\t\t\t\t\t\t\t\t<span class=\"elementor-toggle-icon elementor-toggle-icon-left\" aria-hidden=\"true\">\n\t\t\t\t\t\t\t\t\t\t\t\t\t\t\t<span class=\"elementor-toggle-icon-closed\"><i class=\"fas fa-caret-right\"><\/i><\/span>\n\t\t\t\t\t\t\t\t<span class=\"elementor-toggle-icon-opened\"><i class=\"elementor-toggle-icon-opened fas fa-caret-up\"><\/i><\/span>\n\t\t\t\t\t\t\t\t\t\t\t\t\t<\/span>\n\t\t\t\t\t\t\t\t\t\t\t\t<a href=\"\" class=\"elementor-toggle-title\">Vizija i misija<\/a>\n\t\t\t\t\t<\/div>\n\n\t\t\t\t\t<div id=\"elementor-tab-content-1385\" class=\"elementor-tab-content elementor-clearfix\" data-tab=\"5\" role=\"tabpanel\" aria-labelledby=\"elementor-tab-title-1385\"><p>Na\u0161a je vizija \u010dinjenje svijeta boljim mjestom, korak po korak. Kako bi smo osigurali pravi smjer, razvijamo svoje zaposlenike da budu svoja najbolja verzija. Na\u0161oj tvrtki je uvijek na prvom mjestu \u010dovjek.<\/p><p>Misija na\u0161e tvrtke je omogu\u0107avanje drugim tvrtkama da ostvare svoj uspjeh. Svaka tvrtka je posebna i zbog toga ne primjenjujemo iste tehnike i alate za svih. Od na\u0161ih prvih dana, uvijek nastojimo rije\u0161iti sve probleme bez obzira koliko te\u0161ki oni bili.<\/p><\/div>\n\t\t\t\t<\/div>\n\t\t\t\t\t\t\t<div class=\"elementor-toggle-item\">\n\t\t\t\t\t<div id=\"elementor-tab-title-1386\" class=\"elementor-tab-title\" data-tab=\"6\" role=\"tab\" aria-controls=\"elementor-tab-content-1386\" aria-expanded=\"false\">\n\t\t\t\t\t\t\t\t\t\t\t\t<span class=\"elementor-toggle-icon elementor-toggle-icon-left\" aria-hidden=\"true\">\n\t\t\t\t\t\t\t\t\t\t\t\t\t\t\t<span class=\"elementor-toggle-icon-closed\"><i class=\"fas fa-caret-right\"><\/i><\/span>\n\t\t\t\t\t\t\t\t<span class=\"elementor-toggle-icon-opened\"><i class=\"elementor-toggle-icon-opened fas fa-caret-up\"><\/i><\/span>\n\t\t\t\t\t\t\t\t\t\t\t\t\t<\/span>\n\t\t\t\t\t\t\t\t\t\t\t\t<a href=\"\" class=\"elementor-toggle-title\">Ostale informacije<\/a>\n\t\t\t\t\t<\/div>\n\n\t\t\t\t\t<div id=\"elementor-tab-content-1386\" class=\"elementor-tab-content elementor-clearfix\" data-tab=\"6\" role=\"tabpanel\" aria-labelledby=\"elementor-tab-title-1386\"><p><strong>DEMS, d.o.o.<\/strong><br \/>Ulica Matice Hrvatske 27,<br \/>21 000 Split,<br \/>Hrvatska<\/p><p>Osobe ovla\u0161tene za zastupanje: Danilo La\u0161i\u0107<br \/>OIB: 14176812334<br \/>MBS: 060128580, trgova\u010dki sud u Splitu<\/p><p>IBAN: HR9824850031100225680, Croatia banka d.d. Zagreb<\/p><\/div>\n\t\t\t\t<\/div>\n\t\t\t\t\t\t\t\t<\/div>\n\t\t\t\t<\/div>\n\t\t\t\t<\/div>\n\t\t\t\t<div class=\"elementor-element elementor-element-1a44db0 elementor-widget elementor-widget-text-editor\" data-id=\"1a44db0\" data-element_type=\"widget\" data-widget_type=\"text-editor.default\">\n\t\t\t\t<div class=\"elementor-widget-container\">\n\t\t\t\t\t\t\t\t<div class=\"elementor-text-editor elementor-clearfix\">\n\t\t\t\t<p><span style=\"font-size: 15px; font-style: italic; font-weight: 400; text-align: center;\">U mogu\u0107nosti smo samostalno ili u suradnji s na\u0161im partnerima ponuditi i zadovoljiti sve Va\u0161e potrebe po sistemu \u201eklju\u010d u ruke\u201c (od projektiranja do dobave opreme, instalacije, monta\u017ee, pu\u0161tanja u rad i obuke korisnika).<\/span><\/p>\t\t\t\t\t<\/div>\n\t\t\t\t\t\t<\/div>\n\t\t\t\t<\/div>\n\t\t\t\t\t\t<\/div>\n\t\t\t\t\t<\/div>\n\t\t<\/div>\n\t\t\t\t\t\t\t\t<\/div>\n\t\t\t\t\t<\/div>\n\t\t<\/section>\n\t\t\t\t\t\t\t\t\t<\/div>\n\t\t\t<\/div>\n\t\t\t\t\t<\/div>\n\t\t","protected":false},"excerpt":{"rendered":"<p>O NAMA Informacije o poduze\u0107u Povijest poduze\u0107a Firma DEMS d.o.o. osnovana je 1989. godine u Splitu.\u00a0 Osnovne djelatnosti Osnovna djelatnost firme se dijeli na dva dijela: gra\u0111evinski i instalaterski. &#8211; Od gra\u0111evinskog dijela nudimo in\u017eenjering i konzalting, te samostalno i dijelom s partnerima izvo\u0111enje gra\u0111evinskih radova. Od instalaterskih radova i usluga mo\u017eemo ponuditi: izvo\u0111enje kompletne &hellip;<\/p>\n<p class=\"read-more\"> <a class=\"\" href=\"https:\/\/dems.hr\/index.php\/hr\/o-nama\/\"> <span class=\"screen-reader-text\">O nama<\/span> Read More &raquo;<\/a><\/p>\n","protected":false},"author":1,"featured_media":0,"parent":0,"menu_order":0,"comment_status":"closed","ping_status":"closed","template":"elementor_header_footer","meta":{"_mi_skip_tracking":false},"yoast_head":"<!-- This site is optimized with the Yoast SEO plugin v16.4 - https:\/\/yoast.com\/wordpress\/plugins\/seo\/ -->\n<title>O nama - Dems d.o.o.<\/title>\n<meta name=\"robots\" content=\"index, follow, max-snippet:-1, max-image-preview:large, max-video-preview:-1\" \/>\n<link rel=\"canonical\" href=\"https:\/\/dems.hr\/index.php\/hr\/o-nama\/\" \/>\n<meta property=\"og:locale\" content=\"en_US\" \/>\n<meta property=\"og:type\" content=\"article\" \/>\n<meta property=\"og:title\" content=\"O nama - Dems d.o.o.\" \/>\n<meta property=\"og:description\" content=\"O NAMA Informacije o poduze\u0107u Povijest poduze\u0107a Firma DEMS d.o.o. osnovana je 1989. godine u Splitu.\u00a0 Osnovne djelatnosti Osnovna djelatnost firme se dijeli na dva dijela: gra\u0111evinski i instalaterski. &#8211; Od gra\u0111evinskog dijela nudimo in\u017eenjering i konzalting, te samostalno i dijelom s partnerima izvo\u0111enje gra\u0111evinskih radova. Od instalaterskih radova i usluga mo\u017eemo ponuditi: izvo\u0111enje kompletne &hellip; O nama Read More &raquo;\" \/>\n<meta property=\"og:url\" content=\"https:\/\/dems.hr\/index.php\/hr\/o-nama\/\" \/>\n<meta property=\"og:site_name\" content=\"Dems d.o.o.\" \/>\n<meta property=\"article:modified_time\" content=\"2022-03-22T08:02:06+00:00\" \/>\n<meta name=\"twitter:card\" content=\"summary_large_image\" \/>\n<meta name=\"twitter:label1\" content=\"Est. reading time\" \/>\n\t<meta name=\"twitter:data1\" content=\"2 minutes\" \/>\n<script type=\"application\/ld+json\" class=\"yoast-schema-graph\">{\"@context\":\"https:\/\/schema.org\",\"@graph\":[{\"@type\":\"Organization\",\"@id\":\"https:\/\/dems.hr\/#organization\",\"name\":\"Dems d.o.o.\",\"url\":\"https:\/\/dems.hr\/\",\"sameAs\":[],\"logo\":{\"@type\":\"ImageObject\",\"@id\":\"https:\/\/dems.hr\/#logo\",\"inLanguage\":\"en-US\",\"url\":\"https:\/\/dems.hr\/wp-content\/uploads\/2020\/04\/cropped-demslogofullsmall.png\",\"contentUrl\":\"https:\/\/dems.hr\/wp-content\/uploads\/2020\/04\/cropped-demslogofullsmall.png\",\"width\":150,\"height\":140,\"caption\":\"Dems d.o.o.\"},\"image\":{\"@id\":\"https:\/\/dems.hr\/#logo\"}},{\"@type\":\"WebSite\",\"@id\":\"https:\/\/dems.hr\/#website\",\"url\":\"https:\/\/dems.hr\/\",\"name\":\"Dems d.o.o.\",\"description\":\"\",\"publisher\":{\"@id\":\"https:\/\/dems.hr\/#organization\"},\"potentialAction\":[{\"@type\":\"SearchAction\",\"target\":\"https:\/\/dems.hr\/?s={search_term_string}\",\"query-input\":\"required name=search_term_string\"}],\"inLanguage\":\"en-US\"},{\"@type\":\"WebPage\",\"@id\":\"https:\/\/dems.hr\/index.php\/hr\/o-nama\/#webpage\",\"url\":\"https:\/\/dems.hr\/index.php\/hr\/o-nama\/\",\"name\":\"O nama - Dems d.o.o.\",\"isPartOf\":{\"@id\":\"https:\/\/dems.hr\/#website\"},\"datePublished\":\"2020-04-29T13:50:35+00:00\",\"dateModified\":\"2022-03-22T08:02:06+00:00\",\"breadcrumb\":{\"@id\":\"https:\/\/dems.hr\/index.php\/hr\/o-nama\/#breadcrumb\"},\"inLanguage\":\"en-US\",\"potentialAction\":[{\"@type\":\"ReadAction\",\"target\":[\"https:\/\/dems.hr\/index.php\/hr\/o-nama\/\"]}]},{\"@type\":\"BreadcrumbList\",\"@id\":\"https:\/\/dems.hr\/index.php\/hr\/o-nama\/#breadcrumb\",\"itemListElement\":[{\"@type\":\"ListItem\",\"position\":1,\"item\":{\"@type\":\"WebPage\",\"@id\":\"https:\/\/dems.hr\/index.php\/hr\/\",\"url\":\"https:\/\/dems.hr\/index.php\/hr\/\",\"name\":\"Home\"}},{\"@type\":\"ListItem\",\"position\":2,\"item\":{\"@id\":\"https:\/\/dems.hr\/index.php\/hr\/o-nama\/#webpage\"}}]}]}<\/script>\n<!-- \/ Yoast SEO plugin. -->","_links":{"self":[{"href":"https:\/\/dems.hr\/index.php\/wp-json\/wp\/v2\/pages\/22"}],"collection":[{"href":"https:\/\/dems.hr\/index.php\/wp-json\/wp\/v2\/pages"}],"about":[{"href":"https:\/\/dems.hr\/index.php\/wp-json\/wp\/v2\/types\/page"}],"author":[{"embeddable":true,"href":"https:\/\/dems.hr\/index.php\/wp-json\/wp\/v2\/users\/1"}],"replies":[{"embeddable":true,"href":"https:\/\/dems.hr\/index.php\/wp-json\/wp\/v2\/comments?post=22"}],"version-history":[{"count":18,"href":"https:\/\/dems.hr\/index.php\/wp-json\/wp\/v2\/pages\/22\/revisions"}],"predecessor-version":[{"id":700,"href":"https:\/\/dems.hr\/index.php\/wp-json\/wp\/v2\/pages\/22\/revisions\/700"}],"wp:attachment":[{"href":"https:\/\/dems.hr\/index.php\/wp-json\/wp\/v2\/media?parent=22"}],"curies":[{"name":"wp","href":"https:\/\/api.w.org\/{rel}","templated":true}]}}